{"id":752,"date":"2021-08-31T12:03:05","date_gmt":"2021-08-31T10:03:05","guid":{"rendered":"https:\/\/artfloral-boutique.com\/?post_type=product&#038;p=752"},"modified":"2026-03-12T13:50:54","modified_gmt":"2026-03-12T12:50:54","slug":"coupe-plantes-racines-deuil-funeraire","status":"publish","type":"product","link":"https:\/\/artfloral-boutique.com\/?product=coupe-plantes-racines-deuil-funeraire","title":{"rendered":"Coupe de plantes racin\u00e9es pour c\u00e9r\u00e9monie deuil"},"content":{"rendered":"<p>Une <strong>COUPE DE PLANTES<\/strong> est un <strong>Assemblage plantes racin\u00e9es<\/strong> que l&rsquo;on peut faire livrer au domicile, aux pompes fun\u00e8bres ou lors de la c\u00e9r\u00e9monie fun\u00e9raire.<\/p>\n<p>Le choix des plantes s\u00e9lectionn\u00e9es se fera en fonction des saisons afin qu&rsquo;elles soient adapt\u00e9es aux conditions climatiques au cimeti\u00e8re. Il s&rsquo;agit donc de <strong>plantes qui vont rester dans le temps <\/strong>contrairement aux ensembles de fleurs piqu\u00e9es. Si les plantes sont soign\u00e9es de fa\u00e7on normale et arros\u00e9es, <strong>elles pourront durer <\/strong>de longues semaines, mois ou ann\u00e9es selon les vari\u00e9t\u00e9s.<\/p>\n<p>Les couleurs varient puisque chaque coupe de plantes est diff\u00e9rente et la taille varie en fonction des vari\u00e9t\u00e9s s\u00e9lectionn\u00e9es.<\/p>\n<p>La dominante peut \u00eatre pastel ou plus color\u00e9e selon l&rsquo;age et qu&rsquo;il s&rsquo;agisse d&rsquo;une d\u00e9funte ou d&rsquo;un d\u00e9funt.<\/p>\n<p>Nous restons disponible pour tout conseil par t\u00e9l\u00e9phone au 04 68 81 06 89 durant les heures d&rsquo;ouverture du magasin.<br \/>\nLe Ruban n&rsquo;est pas inclus dans le prix.<\/p>\n<h6><strong>FAQ : comment faire livrer une coupe de plantes au salon fun\u00e9raire Auton\u00e8s \u00e0 Argel\u00e8s ? Peut-on faire livraison une coupe de plantes ou des fleurs deuil aux pompes fun\u00e8bres Torrano \u00e0 Saint Andr\u00e9, Capeille \u00e0 Laroque des Alb\u00e8res, C\u00f4te Vermeille \u00e0 Port Vendres ou Banyuls sur mer, Suida \u00e0 Elne, Pideil \u00e0 Saint Cyprien, Catois \u00e0 Saint Genis des Fontaines ? Avis de d\u00e8s, fun\u00e9raire<\/strong><\/h6>\n","protected":false},"excerpt":{"rendered":"<p>Une <strong>COUPE DE PLANTES<\/strong> est un <strong>Assemblage plantes racin\u00e9es<\/strong> que l&rsquo;on peut faire livrer au domicile, aux pompes fun\u00e8bres ou lors de la c\u00e9r\u00e9monie fun\u00e9raire.<\/p>\n<p>Le choix des plantes s\u00e9lectionn\u00e9es se fera en fonction des saisons afin qu&rsquo;elles soient adapt\u00e9es aux conditions climatiques au cimeti\u00e8re. Il s&rsquo;agit donc de <strong>plantes qui vont rester dans le temps <\/strong>contrairement aux ensembles de fleurs piqu\u00e9es. Si les plantes sont soign\u00e9es de fa\u00e7on normale et arros\u00e9es, <strong>elles pourront durer <\/strong>de longues semaines, mois ou ann\u00e9es selon les vari\u00e9t\u00e9s.<\/p>\n<p>Les couleurs varient puisque chaque coupe de plantes est diff\u00e9rente et la taille varie en fonction des vari\u00e9t\u00e9s s\u00e9lectionn\u00e9es.<\/p>\n<p>La dominante peut \u00eatre pastel ou plus color\u00e9e selon l&rsquo;age et qu&rsquo;il s&rsquo;agisse d&rsquo;une d\u00e9funte ou d&rsquo;un d\u00e9funt.<\/p>\n<p>Nous restons disponible pour tout conseil par t\u00e9l\u00e9phone au 04 68 81 06 89 durant les heures d&rsquo;ouverture du magasin.<br \/>\nLe Ruban n&rsquo;est pas inclus dans le prix.<\/p>\n","protected":false},"featured_media":748,"comment_status":"open","ping_status":"closed","template":"","meta":[],"product_brand":[],"product_cat":[232,233,16],"product_tag":[20,56,112,86,17,21,19,18,81,111],"class_list":{"0":"post-752","1":"product","2":"type-product","3":"status-publish","4":"has-post-thumbnail","6":"product_cat-tons-pastels","7":"product_cat-deuil-tons-colores","8":"product_cat-fleurs-deuil","9":"product_tag-ceremonie","10":"product_tag-coeur","11":"product_tag-coupe-de-plantes","12":"product_tag-coussin","13":"product_tag-deuil","14":"product_tag-fleurs","15":"product_tag-funeraire","16":"product_tag-gerbe","17":"product_tag-plante","18":"product_tag-plantes","19":"product_shipping_class-liv-locale","20":"latest_post","22":"first","23":"instock","24":"taxable","25":"shipping-taxable","26":"purchasable","27":"product-type-variable"},"_links":{"self":[{"href":"https:\/\/artfloral-boutique.com\/index.php?rest_route=\/wp\/v2\/product\/752","targetHints":{"allow":["GET"]}}],"collection":[{"href":"https:\/\/artfloral-boutique.com\/index.php?rest_route=\/wp\/v2\/product"}],"about":[{"href":"https:\/\/artfloral-boutique.com\/index.php?rest_route=\/wp\/v2\/types\/product"}],"replies":[{"embeddable":true,"href":"https:\/\/artfloral-boutique.com\/index.php?rest_route=%2Fwp%2Fv2%2Fcomments&post=752"}],"wp:featuredmedia":[{"embeddable":true,"href":"https:\/\/artfloral-boutique.com\/index.php?rest_route=\/wp\/v2\/media\/748"}],"wp:attachment":[{"href":"https:\/\/artfloral-boutique.com\/index.php?rest_route=%2Fwp%2Fv2%2Fmedia&parent=752"}],"wp:term":[{"taxonomy":"product_brand","embeddable":true,"href":"https:\/\/artfloral-boutique.com\/index.php?rest_route=%2Fwp%2Fv2%2Fproduct_brand&post=752"},{"taxonomy":"product_cat","embeddable":true,"href":"https:\/\/artfloral-boutique.com\/index.php?rest_route=%2Fwp%2Fv2%2Fproduct_cat&post=752"},{"taxonomy":"product_tag","embeddable":true,"href":"https:\/\/artfloral-boutique.com\/index.php?rest_route=%2Fwp%2Fv2%2Fproduct_tag&post=752"}],"curies":[{"name":"wp","href":"https:\/\/api.w.org\/{rel}","templated":true}]}}