{"id":766,"date":"2021-09-03T17:06:09","date_gmt":"2021-09-03T15:06:09","guid":{"rendered":"https:\/\/artfloral-boutique.com\/?post_type=product&#038;p=766"},"modified":"2021-10-15T11:00:55","modified_gmt":"2021-10-15T09:00:55","slug":"gros-bouquet-rond-genereux-flashy","status":"publish","type":"product","link":"https:\/\/artfloral-boutique.com\/?product=gros-bouquet-rond-genereux-flashy","title":{"rendered":"Gros Bouquet Rond G\u00e9n\u00e9reux flashy"},"content":{"rendered":"<p><strong>Rond, g\u00e9n\u00e9reux, flashy, girly<\/strong>&#8230; il fera <strong>beaucoup d&rsquo;effet<\/strong> !<\/p>\n<p>Compos\u00e9 de fleurs de saison de tons color\u00e9s, ce bouquet devrait d\u00e9clencher quelques larmes de bonheur et combler d&rsquo;attention ! si vous n&rsquo;avez pas de vase assez gros, on vous laissera un seau pour qu&rsquo;il soit gard\u00e9 et ch\u00e9ri plus longtemps.<\/p>\n","protected":false},"excerpt":{"rendered":"<p><strong>Rond, g\u00e9n\u00e9reux, flashy, girly<\/strong>&#8230; il fera <strong>beaucoup d&rsquo;effet<\/strong> !<\/p>\n<p>Compos\u00e9 de fleurs de saison de tons color\u00e9s, ce bouquet devrait d\u00e9clencher quelques larmes de bonheur et combler d&rsquo;attention ! si vous n&rsquo;avez pas de vase assez gros, on vous laissera un seau pour qu&rsquo;il soit gard\u00e9 et ch\u00e9ri plus longtemps.<\/p>\n","protected":false},"featured_media":761,"comment_status":"closed","ping_status":"closed","template":"","meta":[],"product_brand":[],"product_cat":[15,110],"product_tag":[38,57,55,104,105],"class_list":{"0":"post-766","1":"product","2":"type-product","3":"status-publish","4":"has-post-thumbnail","6":"product_cat-bouquets-de-fleurs-et-roses","7":"product_cat-nos-gros-bouquets","8":"product_tag-amour","9":"product_tag-bouquet","10":"product_tag-bouquet-rond","11":"product_tag-genereux","12":"product_tag-love","13":"product_shipping_class-liv-locale","14":"latest_post","16":"first","17":"instock","18":"taxable","19":"shipping-taxable","20":"purchasable","21":"product-type-variable"},"_links":{"self":[{"href":"https:\/\/artfloral-boutique.com\/index.php?rest_route=\/wp\/v2\/product\/766","targetHints":{"allow":["GET"]}}],"collection":[{"href":"https:\/\/artfloral-boutique.com\/index.php?rest_route=\/wp\/v2\/product"}],"about":[{"href":"https:\/\/artfloral-boutique.com\/index.php?rest_route=\/wp\/v2\/types\/product"}],"replies":[{"embeddable":true,"href":"https:\/\/artfloral-boutique.com\/index.php?rest_route=%2Fwp%2Fv2%2Fcomments&post=766"}],"wp:featuredmedia":[{"embeddable":true,"href":"https:\/\/artfloral-boutique.com\/index.php?rest_route=\/wp\/v2\/media\/761"}],"wp:attachment":[{"href":"https:\/\/artfloral-boutique.com\/index.php?rest_route=%2Fwp%2Fv2%2Fmedia&parent=766"}],"wp:term":[{"taxonomy":"product_brand","embeddable":true,"href":"https:\/\/artfloral-boutique.com\/index.php?rest_route=%2Fwp%2Fv2%2Fproduct_brand&post=766"},{"taxonomy":"product_cat","embeddable":true,"href":"https:\/\/artfloral-boutique.com\/index.php?rest_route=%2Fwp%2Fv2%2Fproduct_cat&post=766"},{"taxonomy":"product_tag","embeddable":true,"href":"https:\/\/artfloral-boutique.com\/index.php?rest_route=%2Fwp%2Fv2%2Fproduct_tag&post=766"}],"curies":[{"name":"wp","href":"https:\/\/api.w.org\/{rel}","templated":true}]}}