{"id":784,"date":"2021-09-04T10:59:53","date_gmt":"2021-09-04T08:59:53","guid":{"rendered":"https:\/\/artfloral-boutique.com\/?post_type=product&#038;p=784"},"modified":"2021-09-04T11:27:23","modified_gmt":"2021-09-04T09:27:23","slug":"les-bouquets-de-mariee-avec-grande-chute-en-cascade","status":"publish","type":"product","link":"https:\/\/artfloral-boutique.com\/?product=les-bouquets-de-mariee-avec-grande-chute-en-cascade","title":{"rendered":"Les Bouquets de mari\u00e9e avec tr\u00e8s grande chute"},"content":{"rendered":"<p>Pour ce jour si important, le choix de votre bouquet de mari\u00e9e est \u00e9videmment le plus important ! Ce type de <strong>Bouquet de mari\u00e9e en chute cascade tr\u00e8s longue<\/strong> en fleurs de saison sera confectionn\u00e9 dans les <strong>couleurs et tons de votre mariage<\/strong>.<\/p>\n<p>Le mod\u00e8le en photo est une illustration, mais chaque bouquet est unique et personnalis\u00e9 selon vos go\u00fbts, en concertation, pour harmoniser avec le style et les couleurs de votre mariage. <\/p>\n<p>Ce type de bouquet demande un travail particulier, en piquant les fleurs en chute dans un support appel\u00e9 \u00ab\u00a0micro\u00a0\u00bb ou \u00ab\u00a0bridy\u00a0\u00bb. Selon vos attentes, le budget sera diff\u00e9rent :<br \/>\n&#8211; Bouquet de fleurs de saison aux couleurs de votre choix avec chute<br \/>\n&#8211; Bouquet de mari\u00e9e avec une fleur majeure telle que la rose et d&rsquo;autres fleurs de saison dans vos couleurs<br \/>\n&#8211; Beau Bouquet de Mari\u00e9e g\u00e9n\u00e9reux avec 2 ou 3 fleurs majeures et fleurs de saison pour accompagner vos couleurs<\/p>\n","protected":false},"excerpt":{"rendered":"<p>Pour ce jour si important, le choix de votre bouquet de mari\u00e9e est \u00e9videmment le plus important ! Ce type de <strong>Bouquet de mari\u00e9e en chute cascade tr\u00e8s longue<\/strong> en fleurs de saison sera confectionn\u00e9 dans les <strong>couleurs et tons de votre mariage<\/strong>.<\/p>\n<p>Le mod\u00e8le en photo est une illustration, mais chaque bouquet est unique et personnalis\u00e9 selon vos go\u00fbts, en concertation, pour harmoniser avec le style et les couleurs de votre mariage. <\/p>\n<p>Ce type de bouquet demande un travail particulier, en piquant les fleurs en chute dans un support appel\u00e9 \u00ab\u00a0micro\u00a0\u00bb ou \u00ab\u00a0bridy\u00a0\u00bb. Selon vos attentes, le budget sera diff\u00e9rent :<br \/>\n&#8211; Bouquet de fleurs de saison aux couleurs de votre choix avec chute<br \/>\n&#8211; Bouquet de mari\u00e9e avec une fleur majeure telle que la rose et d&rsquo;autres fleurs de saison dans vos couleurs<br \/>\n&#8211; Beau Bouquet de Mari\u00e9e g\u00e9n\u00e9reux avec 2 ou 3 fleurs majeures et fleurs de saison pour accompagner vos couleurs<\/p>\n","protected":false},"featured_media":777,"comment_status":"closed","ping_status":"closed","template":"","meta":[],"product_brand":[],"product_cat":[88],"product_tag":[103,97,98,99,100,96,101,90,40,102],"class_list":{"0":"post-784","1":"product","2":"type-product","3":"status-publish","4":"has-post-thumbnail","6":"product_cat-mariage","7":"product_tag-boda","8":"product_tag-bouquet-de-mariee","9":"product_tag-champetre","10":"product_tag-elegant","11":"product_tag-ivoire","12":"product_tag-mariage","13":"product_tag-peche","14":"product_tag-rose","15":"product_tag-roses","16":"product_tag-wedding","17":"product_shipping_class-liv-locale","18":"latest_post","20":"first","21":"instock","22":"taxable","23":"shipping-taxable","24":"purchasable","25":"product-type-variable"},"_links":{"self":[{"href":"https:\/\/artfloral-boutique.com\/index.php?rest_route=\/wp\/v2\/product\/784","targetHints":{"allow":["GET"]}}],"collection":[{"href":"https:\/\/artfloral-boutique.com\/index.php?rest_route=\/wp\/v2\/product"}],"about":[{"href":"https:\/\/artfloral-boutique.com\/index.php?rest_route=\/wp\/v2\/types\/product"}],"replies":[{"embeddable":true,"href":"https:\/\/artfloral-boutique.com\/index.php?rest_route=%2Fwp%2Fv2%2Fcomments&post=784"}],"wp:featuredmedia":[{"embeddable":true,"href":"https:\/\/artfloral-boutique.com\/index.php?rest_route=\/wp\/v2\/media\/777"}],"wp:attachment":[{"href":"https:\/\/artfloral-boutique.com\/index.php?rest_route=%2Fwp%2Fv2%2Fmedia&parent=784"}],"wp:term":[{"taxonomy":"product_brand","embeddable":true,"href":"https:\/\/artfloral-boutique.com\/index.php?rest_route=%2Fwp%2Fv2%2Fproduct_brand&post=784"},{"taxonomy":"product_cat","embeddable":true,"href":"https:\/\/artfloral-boutique.com\/index.php?rest_route=%2Fwp%2Fv2%2Fproduct_cat&post=784"},{"taxonomy":"product_tag","embeddable":true,"href":"https:\/\/artfloral-boutique.com\/index.php?rest_route=%2Fwp%2Fv2%2Fproduct_tag&post=784"}],"curies":[{"name":"wp","href":"https:\/\/api.w.org\/{rel}","templated":true}]}}