{"id":804,"date":"2021-09-12T20:08:03","date_gmt":"2021-09-12T18:08:03","guid":{"rendered":"https:\/\/artfloral-boutique.com\/?post_type=product&#038;p=804"},"modified":"2021-09-12T20:36:08","modified_gmt":"2021-09-12T18:36:08","slug":"les-bouquets-de-mariee-rond","status":"publish","type":"product","link":"https:\/\/artfloral-boutique.com\/?product=les-bouquets-de-mariee-rond","title":{"rendered":"Les Bouquets de mari\u00e9e rond"},"content":{"rendered":"<p>Pour ce jour si important, le choix de votre bouquet de mari\u00e9e est \u00e9videmment le plus important ! Ce type de <strong>Bouquet de mari\u00e9e rond<\/strong> en fleurs de saison sera confectionn\u00e9 dans les <strong>couleurs et tons de votre mariage<\/strong>.<\/p>\n<p>Le mod\u00e8le en photo est une illustration, mais chaque bouquet est unique et personnalis\u00e9 selon vos go\u00fbts, en concertation, pour harmoniser avec le style et les couleurs de votre mariage. Le bouquet de mari\u00e9e peut \u00eatre plus ou moins a\u00e9r\u00e9 ou structur\u00e9, Boh\u00eame, structur\u00e9, champ\u00eatre, pop ou que sais-je ! LE bouquet doit aussi \u00eatre choisi en fonction de votre robe, votre style et votre personnalit\u00e9.<\/p>\n<p>Ce Bouquet aux tiges libres, sans syst\u00e8me de mousse type micro bridy, aura un budget diff\u00e9rent selon vos attentes :<br \/>\n&#8211; Petit bouquet rond simple de fleurs de saison aux couleurs de votre choix<br \/>\n&#8211; Bouquet de mari\u00e9e avec une fleur majeure telle que la rose et d&rsquo;autres fleurs de saison dans vos couleurs<br \/>\n&#8211; Beau Bouquet de Mari\u00e9e g\u00e9n\u00e9reux avec 2 ou 3 fleurs majeures et fleurs de saison pour accompagner vos couleurs<\/p>\n","protected":false},"excerpt":{"rendered":"<p>Pour ce jour si important, le choix de votre bouquet de mari\u00e9e est \u00e9videmment le plus important ! Ce type de <strong>Bouquet de mari\u00e9e rond<\/strong> en fleurs de saison sera confectionn\u00e9 dans les <strong>couleurs et tons de votre mariage<\/strong>.<\/p>\n<p>Le mod\u00e8le en photo est une illustration, mais chaque bouquet est unique et personnalis\u00e9 selon vos go\u00fbts, en concertation, pour harmoniser avec le style et les couleurs de votre mariage. Le bouquet de mari\u00e9e peut \u00eatre plus ou moins a\u00e9r\u00e9 ou structur\u00e9, Boh\u00eame, structur\u00e9, champ\u00eatre, pop ou que sais-je ! LE bouquet doit aussi \u00eatre choisi en fonction de votre robe, votre style et votre personnalit\u00e9.<\/p>\n<p>Ce Bouquet aux tiges libres, sans syst\u00e8me de mousse type micro bridy, aura un budget diff\u00e9rent selon vos attentes :<br \/>\n&#8211; Petit bouquet rond simple de fleurs de saison aux couleurs de votre choix<br \/>\n&#8211; Bouquet de mari\u00e9e avec une fleur majeure telle que la rose et d&rsquo;autres fleurs de saison dans vos couleurs<br \/>\n&#8211; Beau Bouquet de Mari\u00e9e g\u00e9n\u00e9reux avec 2 ou 3 fleurs majeures et fleurs de saison pour accompagner vos couleurs<\/p>\n","protected":false},"featured_media":780,"comment_status":"closed","ping_status":"closed","template":"","meta":[],"product_brand":[],"product_cat":[88],"product_tag":[103,97,98,99,100,96,101,90,40,102],"class_list":{"0":"post-804","1":"product","2":"type-product","3":"status-publish","4":"has-post-thumbnail","6":"product_cat-mariage","7":"product_tag-boda","8":"product_tag-bouquet-de-mariee","9":"product_tag-champetre","10":"product_tag-elegant","11":"product_tag-ivoire","12":"product_tag-mariage","13":"product_tag-peche","14":"product_tag-rose","15":"product_tag-roses","16":"product_tag-wedding","17":"product_shipping_class-liv-locale","18":"latest_post","20":"first","21":"instock","22":"taxable","23":"shipping-taxable","24":"product-type-simple"},"_links":{"self":[{"href":"https:\/\/artfloral-boutique.com\/index.php?rest_route=\/wp\/v2\/product\/804","targetHints":{"allow":["GET"]}}],"collection":[{"href":"https:\/\/artfloral-boutique.com\/index.php?rest_route=\/wp\/v2\/product"}],"about":[{"href":"https:\/\/artfloral-boutique.com\/index.php?rest_route=\/wp\/v2\/types\/product"}],"replies":[{"embeddable":true,"href":"https:\/\/artfloral-boutique.com\/index.php?rest_route=%2Fwp%2Fv2%2Fcomments&post=804"}],"wp:featuredmedia":[{"embeddable":true,"href":"https:\/\/artfloral-boutique.com\/index.php?rest_route=\/wp\/v2\/media\/780"}],"wp:attachment":[{"href":"https:\/\/artfloral-boutique.com\/index.php?rest_route=%2Fwp%2Fv2%2Fmedia&parent=804"}],"wp:term":[{"taxonomy":"product_brand","embeddable":true,"href":"https:\/\/artfloral-boutique.com\/index.php?rest_route=%2Fwp%2Fv2%2Fproduct_brand&post=804"},{"taxonomy":"product_cat","embeddable":true,"href":"https:\/\/artfloral-boutique.com\/index.php?rest_route=%2Fwp%2Fv2%2Fproduct_cat&post=804"},{"taxonomy":"product_tag","embeddable":true,"href":"https:\/\/artfloral-boutique.com\/index.php?rest_route=%2Fwp%2Fv2%2Fproduct_tag&post=804"}],"curies":[{"name":"wp","href":"https:\/\/api.w.org\/{rel}","templated":true}]}}